{"id":3040,"date":"2018-06-02T17:02:28","date_gmt":"2018-06-02T21:02:28","guid":{"rendered":"https:\/\/artisanbakeryinc.com\/product\/carrot-cake\/"},"modified":"2025-05-18T22:05:57","modified_gmt":"2025-05-19T02:05:57","slug":"pastel-de-zanahoria","status":"publish","type":"product","link":"https:\/\/artisanbakeryinc.com\/es\/product\/pastel-de-zanahoria\/","title":{"rendered":"Pastel de Zanahoria"},"content":{"rendered":"<p>Pastelito individual con nuez, pi\u00f1a, y pasas. Lleva crema encima, coco tostado, nuez, y pepitas.<\/p>\n<p>Disponible tambi\u00e9n en tama\u00f1o mini y tama\u00f1o redondo de 8\u201d por pedido \u00fanicamente.<\/p>\n<p>&nbsp;<\/p>\n","protected":false},"excerpt":{"rendered":"<p>Pastelito individual con nuez, pi\u00f1a, y pasas. Lleva crema encima, coco tostado, nuez, y pepitas. Disponible tambi\u00e9n en tama\u00f1o mini y tama\u00f1o redondo de 8\u201d por pedido \u00fanicamente. &nbsp;<\/p>\n","protected":false},"featured_media":2895,"comment_status":"closed","ping_status":"closed","template":"","meta":{"_monsterinsights_skip_tracking":false,"_monsterinsights_sitenote_active":false,"_monsterinsights_sitenote_note":"","_monsterinsights_sitenote_category":0,"_genesis_hide_title":false,"_genesis_hide_breadcrumbs":false,"_genesis_hide_singular_image":false,"_genesis_hide_footer_widgets":false,"_genesis_custom_body_class":"","_genesis_custom_post_class":"","_genesis_layout":""},"product_brand":[],"product_cat":[25,62],"product_tag":[],"class_list":{"0":"post-3040","1":"product","2":"type-product","3":"status-publish","4":"has-post-thumbnail","6":"product_cat-cakes","7":"product_cat-desserts","8":"entry","10":"first","11":"instock","12":"taxable","13":"shipping-taxable","14":"product-type-simple"},"jetpack_sharing_enabled":true,"_links":{"self":[{"href":"https:\/\/artisanbakeryinc.com\/es\/wp-json\/wp\/v2\/product\/3040","targetHints":{"allow":["GET"]}}],"collection":[{"href":"https:\/\/artisanbakeryinc.com\/es\/wp-json\/wp\/v2\/product"}],"about":[{"href":"https:\/\/artisanbakeryinc.com\/es\/wp-json\/wp\/v2\/types\/product"}],"replies":[{"embeddable":true,"href":"https:\/\/artisanbakeryinc.com\/es\/wp-json\/wp\/v2\/comments?post=3040"}],"wp:featuredmedia":[{"embeddable":true,"href":"https:\/\/artisanbakeryinc.com\/es\/wp-json\/wp\/v2\/media\/2895"}],"wp:attachment":[{"href":"https:\/\/artisanbakeryinc.com\/es\/wp-json\/wp\/v2\/media?parent=3040"}],"wp:term":[{"taxonomy":"product_brand","embeddable":true,"href":"https:\/\/artisanbakeryinc.com\/es\/wp-json\/wp\/v2\/product_brand?post=3040"},{"taxonomy":"product_cat","embeddable":true,"href":"https:\/\/artisanbakeryinc.com\/es\/wp-json\/wp\/v2\/product_cat?post=3040"},{"taxonomy":"product_tag","embeddable":true,"href":"https:\/\/artisanbakeryinc.com\/es\/wp-json\/wp\/v2\/product_tag?post=3040"}],"curies":[{"name":"wp","href":"https:\/\/api.w.org\/{rel}","templated":true}]}}