{"id":3062,"date":"2018-06-02T20:00:10","date_gmt":"2018-06-03T00:00:10","guid":{"rendered":"https:\/\/artisanbakeryinc.com\/product\/fruit-tarts\/"},"modified":"2025-05-18T22:41:27","modified_gmt":"2025-05-19T02:41:27","slug":"tarta-de-fruta","status":"publish","type":"product","link":"https:\/\/artisanbakeryinc.com\/es\/product\/tarta-de-fruta\/","title":{"rendered":"Tarta de Fruta"},"content":{"rendered":"<p>\u00abPostre con base de pay con una capa ligera de chocolate, relleno de crema y mezcla de fruta.<\/p>\n<p>Disponibilidad:<\/p>\n<ul>\n<li>Mini (tama\u00f1o bocado)<\/li>\n<li>5&#8243; (individual)<\/li>\n<li>8&#8243; (tama\u00f1o de tarta completa)<\/li>\n<\/ul>\n<p>Llame con anticipaci\u00f3n para disponibilidad.<\/p>\n<p><a href=\"https:\/\/artisanbakery.dine.online\/\" target=\"_blank\" rel=\"noopener\">Orden en lina.\u00a0 \u00a0<\/a><br \/><\/span><span style=\"font-size: 13px;\"><\/span><\/p>\n\n","protected":false},"excerpt":{"rendered":"<p>\u00abPostre con base de pay con una capa ligera de chocolate, relleno de crema y mezcla de fruta. Disponibilidad: Mini (tama\u00f1o bocado) 5&#8243; (individual) 8&#8243; (tama\u00f1o de tarta completa) Llame con anticipaci\u00f3n para disponibilidad.<\/p>\n","protected":false},"featured_media":2441,"comment_status":"closed","ping_status":"closed","template":"","meta":{"_monsterinsights_skip_tracking":false,"_monsterinsights_sitenote_active":false,"_monsterinsights_sitenote_note":"","_monsterinsights_sitenote_category":0,"_genesis_hide_title":false,"_genesis_hide_breadcrumbs":false,"_genesis_hide_singular_image":false,"_genesis_hide_footer_widgets":false,"_genesis_custom_body_class":"","_genesis_custom_post_class":"","_genesis_layout":""},"product_brand":[],"product_cat":[62],"product_tag":[],"class_list":{"0":"post-3062","1":"product","2":"type-product","3":"status-publish","4":"has-post-thumbnail","6":"product_cat-desserts","7":"entry","9":"first","10":"instock","11":"taxable","12":"shipping-taxable","13":"product-type-simple"},"jetpack_sharing_enabled":true,"_links":{"self":[{"href":"https:\/\/artisanbakeryinc.com\/es\/wp-json\/wp\/v2\/product\/3062","targetHints":{"allow":["GET"]}}],"collection":[{"href":"https:\/\/artisanbakeryinc.com\/es\/wp-json\/wp\/v2\/product"}],"about":[{"href":"https:\/\/artisanbakeryinc.com\/es\/wp-json\/wp\/v2\/types\/product"}],"replies":[{"embeddable":true,"href":"https:\/\/artisanbakeryinc.com\/es\/wp-json\/wp\/v2\/comments?post=3062"}],"wp:featuredmedia":[{"embeddable":true,"href":"https:\/\/artisanbakeryinc.com\/es\/wp-json\/wp\/v2\/media\/2441"}],"wp:attachment":[{"href":"https:\/\/artisanbakeryinc.com\/es\/wp-json\/wp\/v2\/media?parent=3062"}],"wp:term":[{"taxonomy":"product_brand","embeddable":true,"href":"https:\/\/artisanbakeryinc.com\/es\/wp-json\/wp\/v2\/product_brand?post=3062"},{"taxonomy":"product_cat","embeddable":true,"href":"https:\/\/artisanbakeryinc.com\/es\/wp-json\/wp\/v2\/product_cat?post=3062"},{"taxonomy":"product_tag","embeddable":true,"href":"https:\/\/artisanbakeryinc.com\/es\/wp-json\/wp\/v2\/product_tag?post=3062"}],"curies":[{"name":"wp","href":"https:\/\/api.w.org\/{rel}","templated":true}]}}